{"id":26559,"date":"2022-02-23T10:47:01","date_gmt":"2022-02-23T09:47:01","guid":{"rendered":"https:\/\/nicolisproject.wowadv.agency\/?page_id=26559"},"modified":"2022-02-23T16:42:29","modified_gmt":"2022-02-23T15:42:29","slug":"informacion-legal","status":"publish","type":"page","link":"https:\/\/nicolisproject.wowadv.agency\/es\/informacion-legal\/","title":{"rendered":"Informazioni Legali"},"content":{"rendered":"[vc_row type=\u00bbfull_width_background\u00bb full_screen_row_position=\u00bbmiddle\u00bb column_margin=\u00bbdefault\u00bb column_direction=\u00bbdefault\u00bb column_direction_tablet=\u00bbdefault\u00bb column_direction_phone=\u00bbdefault\u00bb scene_position=\u00bbcenter\u00bb top_padding=\u00bb10%\u00bb bottom_padding=\u00bb5%\u00bb text_color=\u00bbdark\u00bb text_align=\u00bbleft\u00bb row_border_radius=\u00bbnone\u00bb row_border_radius_applies=\u00bbbg\u00bb overlay_strength=\u00bb0.3&#8243; gradient_direction=\u00bbleft_to_right\u00bb shape_divider_position=\u00bbbottom\u00bb bg_image_animation=\u00bbnone\u00bb shape_type=\u00bb\u00bb][vc_column column_padding=\u00bbno-extra-padding\u00bb column_padding_tablet=\u00bbinherit\u00bb column_padding_phone=\u00bbinherit\u00bb column_padding_position=\u00bball\u00bb column_element_spacing=\u00bbdefault\u00bb background_color_opacity=\u00bb1&#8243; background_hover_color_opacity=\u00bb1&#8243; column_shadow=\u00bbnone\u00bb column_border_radius=\u00bbnone\u00bb column_link_target=\u00bb_self\u00bb gradient_direction=\u00bbleft_to_right\u00bb overlay_strength=\u00bb0.3&#8243; width=\u00bb1\/6&#8243; tablet_width_inherit=\u00bbdefault\u00bb tablet_text_alignment=\u00bbdefault\u00bb phone_text_alignment=\u00bbdefault\u00bb bg_image_animation=\u00bbnone\u00bb border_type=\u00bbsimple\u00bb column_border_width=\u00bbnone\u00bb column_border_style=\u00bbsolid\u00bb][\/vc_column][vc_column column_padding=\u00bbno-extra-padding\u00bb column_padding_tablet=\u00bbinherit\u00bb column_padding_phone=\u00bbinherit\u00bb column_padding_position=\u00bball\u00bb column_element_spacing=\u00bbdefault\u00bb background_color_opacity=\u00bb1&#8243; background_hover_color_opacity=\u00bb1&#8243; column_shadow=\u00bbnone\u00bb column_border_radius=\u00bbnone\u00bb column_link_target=\u00bb_self\u00bb gradient_direction=\u00bbleft_to_right\u00bb overlay_strength=\u00bb0.3&#8243; width=\u00bb4\/6&#8243; tablet_width_inherit=\u00bbdefault\u00bb tablet_text_alignment=\u00bbdefault\u00bb phone_text_alignment=\u00bbdefault\u00bb bg_image_animation=\u00bbnone\u00bb border_type=\u00bbsimple\u00bb column_border_width=\u00bbnone\u00bb column_border_style=\u00bbsolid\u00bb][vc_column_text]\n<h2>Informaci\u00f3n legal<\/h2>\n<p>&nbsp;<\/p>\n<p class=\"info-legali-p\">Nicolis Project S.r.l.<\/p>\n<p class=\"info-legali-p\">Sociedad con accionista \u00fanico y sujeta a la actividad de gesti\u00f3n y coordinaci\u00f3n de OmniPhi Group Srl<\/p>\n<p class=\"info-legali-p\">Via Cascina Verde, 2 37069 &#8211; Villafranca di Verona (VR)<\/p>\n<p class=\"info-legali-p\">N\u00famero de c\u00f3digo fiscal: 03557510231<\/p>\n<p class=\"info-legali-p\">Ufficio del registro delle Imprese di Verona &#8211; REA: VR-346190<\/p>\n<p class=\"info-legali-p\">Capital social:1.000.000\u20ac<\/p>\n[\/vc_column_text][\/vc_column][vc_column column_padding=\u00bbno-extra-padding\u00bb column_padding_tablet=\u00bbinherit\u00bb column_padding_phone=\u00bbinherit\u00bb column_padding_position=\u00bball\u00bb column_element_spacing=\u00bbdefault\u00bb background_color_opacity=\u00bb1&#8243; background_hover_color_opacity=\u00bb1&#8243; column_shadow=\u00bbnone\u00bb column_border_radius=\u00bbnone\u00bb column_link_target=\u00bb_self\u00bb gradient_direction=\u00bbleft_to_right\u00bb overlay_strength=\u00bb0.3&#8243; width=\u00bb1\/6&#8243; tablet_width_inherit=\u00bbdefault\u00bb tablet_text_alignment=\u00bbdefault\u00bb phone_text_alignment=\u00bbdefault\u00bb bg_image_animation=\u00bbnone\u00bb border_type=\u00bbsimple\u00bb column_border_width=\u00bbnone\u00bb column_border_style=\u00bbsolid\u00bb][\/vc_column][\/vc_row]\n","protected":false},"excerpt":{"rendered":"<p>[vc_row type=\u00bbfull_width_background\u00bb full_screen_row_position=\u00bbmiddle\u00bb column_margin=\u00bbdefault\u00bb column_direction=\u00bbdefault\u00bb&#8230;<\/p>\n","protected":false},"author":8,"featured_media":0,"parent":0,"menu_order":0,"comment_status":"closed","ping_status":"closed","template":"","meta":{"footnotes":""},"yst_prominent_words":[759],"class_list":["post-26559","page","type-page","status-publish"],"_links":{"self":[{"href":"https:\/\/nicolisproject.wowadv.agency\/es\/wp-json\/wp\/v2\/pages\/26559","targetHints":{"allow":["GET"]}}],"collection":[{"href":"https:\/\/nicolisproject.wowadv.agency\/es\/wp-json\/wp\/v2\/pages"}],"about":[{"href":"https:\/\/nicolisproject.wowadv.agency\/es\/wp-json\/wp\/v2\/types\/page"}],"author":[{"embeddable":true,"href":"https:\/\/nicolisproject.wowadv.agency\/es\/wp-json\/wp\/v2\/users\/8"}],"replies":[{"embeddable":true,"href":"https:\/\/nicolisproject.wowadv.agency\/es\/wp-json\/wp\/v2\/comments?post=26559"}],"version-history":[{"count":9,"href":"https:\/\/nicolisproject.wowadv.agency\/es\/wp-json\/wp\/v2\/pages\/26559\/revisions"}],"predecessor-version":[{"id":26578,"href":"https:\/\/nicolisproject.wowadv.agency\/es\/wp-json\/wp\/v2\/pages\/26559\/revisions\/26578"}],"wp:attachment":[{"href":"https:\/\/nicolisproject.wowadv.agency\/es\/wp-json\/wp\/v2\/media?parent=26559"}],"wp:term":[{"taxonomy":"yst_prominent_words","embeddable":true,"href":"https:\/\/nicolisproject.wowadv.agency\/es\/wp-json\/wp\/v2\/yst_prominent_words?post=26559"}],"curies":[{"name":"wp","href":"https:\/\/api.w.org\/{rel}","templated":true}]}}